{"id":52,"date":"2018-12-26T14:09:43","date_gmt":"2018-12-26T13:09:43","guid":{"rendered":"http:\/\/kita-bockenheim.de\/?page_id=52"},"modified":"2026-01-15T12:54:42","modified_gmt":"2026-01-15T11:54:42","slug":"home","status":"publish","type":"page","link":"https:\/\/www.kita-bockenheim.de\/","title":{"rendered":"Herzlich Willkommen!"},"content":{"rendered":"\n<p class=\"has-medium-font-size\" style=\"font-style:normal;font-weight:500;letter-spacing:0px\">Hier finden Sie alle Informationen zur Kindertagesst\u00e4tte Bockenheim an der Weinstra\u00dfe<\/p>\n\n\n\n<div class=\"wp-block-file\"><a id=\"wp-block-file--media-fa38bb49-3cae-4c58-be8d-9ce6704322db\" href=\"https:\/\/www.kita-bockenheim.de\/wp-content\/uploads\/2026\/01\/Elternbrief_Kita_Bockenheim-Naturakademie-2026.pdf\">Elternbrief_Kita_Bockenheim-Naturakademie-2026<\/a><a href=\"https:\/\/www.kita-bockenheim.de\/wp-content\/uploads\/2026\/01\/Elternbrief_Kita_Bockenheim-Naturakademie-2026.pdf\" class=\"wp-block-file__button wp-element-button\" download aria-describedby=\"wp-block-file--media-fa38bb49-3cae-4c58-be8d-9ce6704322db\">Herunterladen<\/a><\/div>\n\n\n\n<div class=\"wp-block-file\"><a id=\"wp-block-file--media-a072ed8c-361b-48ba-9197-2267aa97341f\" href=\"https:\/\/www.kita-bockenheim.de\/wp-content\/uploads\/2025\/05\/Infoblatt-zur-Vergabe-der-Ganztagesplaetze-1.pdf\">Infoblatt-zur-Vergabe-der-Ganztagesplaetze-1<\/a><a href=\"https:\/\/www.kita-bockenheim.de\/wp-content\/uploads\/2025\/05\/Infoblatt-zur-Vergabe-der-Ganztagesplaetze-1.pdf\" class=\"wp-block-file__button wp-element-button\" download aria-describedby=\"wp-block-file--media-a072ed8c-361b-48ba-9197-2267aa97341f\">Herunterladen <\/a><\/div>\n\n\n\n<div class=\"wp-block-file\"><a id=\"wp-block-file--media-fc54113a-efae-4d37-bbbc-c8e776926436\" href=\"https:\/\/www.kita-bockenheim.de\/wp-content\/uploads\/2024\/09\/Foto-Spielplatzgeraet-scaled.jpg\">Foto-Spielplatzgeraet<\/a><a href=\"https:\/\/www.kita-bockenheim.de\/wp-content\/uploads\/2024\/09\/Foto-Spielplatzgeraet-scaled.jpg\" class=\"wp-block-file__button wp-element-button\" download aria-describedby=\"wp-block-file--media-fc54113a-efae-4d37-bbbc-c8e776926436\">Herunterladen<\/a><\/div>\n\n\n\n<div class=\"wp-block-file\"><a id=\"wp-block-file--media-483987f8-b7dc-4427-b0b2-eaea86b94a00\" href=\"https:\/\/www.kita-bockenheim.de\/wp-content\/uploads\/2024\/06\/Bild-Rheinpfalz-Spielplatz.jpg\">Bild-Rheinpfalz-Spielplatz<\/a><a href=\"https:\/\/www.kita-bockenheim.de\/wp-content\/uploads\/2024\/06\/Bild-Rheinpfalz-Spielplatz.jpg\" class=\"wp-block-file__button wp-element-button\" download aria-describedby=\"wp-block-file--media-483987f8-b7dc-4427-b0b2-eaea86b94a00\">Herunterladen<\/a><\/div>\n\n\n\n<p>Liebe Eltern, <\/p>\n\n\n\n<p>dieser Bericht war am 25.06.2024 in der Rheinpfalz: Der F\u00f6rderverein spendet ein tolles Kletterger\u00e4t in H\u00f6he von 11.000 Euro und Herr Heymann, Herr Kutscher, Herr Gl\u00f6ckner und Herr Werle spenden 6.800 Euro an Arbeitsleistung f\u00fcr unsere Kinder \ud83d\ude09 <\/p>\n\n\n\n<p>Welch tolle Zusammenarbeit zum Wohle der Bockenheimer Kinder !!! Vielen Dank an alle !!!<\/p>\n\n\n\n<div class=\"wp-block-file\"><a id=\"wp-block-file--media-924de11e-8399-4411-9914-09f8ce72b779\" href=\"https:\/\/www.kita-bockenheim.de\/wp-content\/uploads\/2024\/09\/Spielgeraet-2-scaled.jpg\">Spielgeraet-2<\/a><a href=\"https:\/\/www.kita-bockenheim.de\/wp-content\/uploads\/2024\/09\/Spielgeraet-2-scaled.jpg\" class=\"wp-block-file__button wp-element-button\" download aria-describedby=\"wp-block-file--media-924de11e-8399-4411-9914-09f8ce72b779\">Herunterladen<\/a><\/div>\n\n\n\n<p class=\"has-text-align-center\">***<\/p>\n\n\n\n<div class=\"wp-block-group is-layout-flow wp-block-group-is-layout-flow\"><div class=\"wp-block-group__inner-container\">\n<p style=\"font-size:15px\"><\/p>\n\n\n\n<p><\/p>\n<\/div><\/div>\n\n\n\n<p><\/p>\n\n\n\n<p><\/p>\n\n\n\n<p><\/p>\n\n\n\n<p> <\/p>\n","protected":false},"excerpt":{"rendered":"<p>Hier finden Sie alle Informationen zur Kindertagesst\u00e4tte Bockenheim an der Weinstra\u00dfe Liebe Eltern, dieser Bericht war am 25.06.2024 in der Rheinpfalz: Der F\u00f6rderverein spendet ein tolles Kletterger\u00e4t in H\u00f6he von 11.000 Euro und Herr Heymann, Herr Kutscher, Herr Gl\u00f6ckner und Herr Werle spenden 6.800 Euro an Arbeitsleistung f\u00fcr unsere Kinder \ud83d\ude09 Welch tolle Zusammenarbeit zum Wohle der Bockenheimer Kinder !!! Vielen Dank an alle !!!&hellip; <\/p>\n","protected":false},"author":1,"featured_media":126,"parent":0,"menu_order":0,"comment_status":"closed","ping_status":"closed","template":"","meta":{"footnotes":""},"_links":{"self":[{"href":"https:\/\/www.kita-bockenheim.de\/index.php?rest_route=\/wp\/v2\/pages\/52"}],"collection":[{"href":"https:\/\/www.kita-bockenheim.de\/index.php?rest_route=\/wp\/v2\/pages"}],"about":[{"href":"https:\/\/www.kita-bockenheim.de\/index.php?rest_route=\/wp\/v2\/types\/page"}],"author":[{"embeddable":true,"href":"https:\/\/www.kita-bockenheim.de\/index.php?rest_route=\/wp\/v2\/users\/1"}],"replies":[{"embeddable":true,"href":"https:\/\/www.kita-bockenheim.de\/index.php?rest_route=%2Fwp%2Fv2%2Fcomments&post=52"}],"version-history":[{"count":9,"href":"https:\/\/www.kita-bockenheim.de\/index.php?rest_route=\/wp\/v2\/pages\/52\/revisions"}],"predecessor-version":[{"id":3180,"href":"https:\/\/www.kita-bockenheim.de\/index.php?rest_route=\/wp\/v2\/pages\/52\/revisions\/3180"}],"wp:featuredmedia":[{"embeddable":true,"href":"https:\/\/www.kita-bockenheim.de\/index.php?rest_route=\/wp\/v2\/media\/126"}],"wp:attachment":[{"href":"https:\/\/www.kita-bockenheim.de\/index.php?rest_route=%2Fwp%2Fv2%2Fmedia&parent=52"}],"curies":[{"name":"wp","href":"https:\/\/api.w.org\/{rel}","templated":true}]}}